{"id":67,"date":"2017-10-03T20:03:26","date_gmt":"2017-10-03T18:03:26","guid":{"rendered":"http:\/\/www.drustvo-rast.com\/sepet-duse\/?page_id=67"},"modified":"2018-09-12T15:53:05","modified_gmt":"2018-09-12T13:53:05","slug":"gostojoci-dogodki","status":"publish","type":"page","link":"http:\/\/www.drustvo-rast.com\/sepet-duse\/gostojoci-dogodki\/","title":{"rendered":"ZDRAVLJENJE SRCA"},"content":{"rendered":"<div class=\"entry-content\">\n<p><strong>ZDRAVLJENJE SRCA Z BOGINJO QUAN YIN \u2013 IZREDEN SAMOZDRAVILEN PROCES<\/strong><\/p>\n<p>Delavnico Zdravljenje srca z boginjo Quan Yin sem oblikovala z namenom, da skozi voden proces pomagam vsem, ki so \u0161e vedno na nek na\u010din ujeti v bole\u010de izku\u0161nje in dogodke svoje preteklosti \u2013 da odpustijo resni\u010dno in dokon\u010dno.<\/p>\n<p>Naj se \u0161e tako trudimo, \u010de upamo, da nam bo uspelo oprostiti z glavo- ne bo \u0161lo. Oprostimo lahko samo v srcu, kajti tam domujejo \u010dustva in srce je tisto, ki ga je treba osvoboditi in zdraviti.<br \/>\nS pomo\u010djo mogo\u010dne energije boginje Quan Yin, boginje so\u010dutja, milosti, za\u0161\u010dite in brezpogojne ljubezni -se bomo podali na pot zdravljenja srca, kjer bomo s pomo\u010djo njenega \u017earka \u010diste ljubezni zdravili na\u0161e ranjeno srce.<\/p>\n<p>Na tej delavnici ne bomo brskali po na\u0161em nezavednem, po globinah, ki se jih niti ne spomnimo, ampak se bomo lotili konkretnih \u017eivljenskih dogodkov in oseb, ki so pripeljali do zamer(star\u0161i,sorodniki, smrt, lo\u010ditev, izdaja prijateljstva,sodelavci,zapu\u0161\u010denost, biv\u0161i partnerji, sedanji partnerji,prevara, finan\u010dna goljufija,odlo\u010ditve, ki jo ob\u017ealujemo,izre\u010denih besed, \u2026.), ki se jih \u0161e kako dobro spomnimo, nekateri vsak dan znova in znova.<br \/>\nNajprej pa bomo dovolili odpustiti SEBI, kajti edino tako bomo lahko odpustili tudi drugim.<\/p>\n<p>Skozi svoje terapevtsko delo se sre\u010dujem z ljudmi, pri katerih ugotavljam, da imajo znotraj sebe \u0161e vedno polno nalo\u017eenih bremen do sebe ali drugih, ki so direktno povezane z nezmo\u017enostjo odpustiti- odpustiti sebi in odpustiti drugim. Ko se spomnijo dolo\u010dene osebe ali situacije za\u010dutijo jezo, zamero, bole\u010dino, ma\u0161\u010devalne misli, ob\u010dutek krivde, obto\u017eevanje, celo fizi\u010dno bole\u010dino. Tudi, ko navidezno mirno in ravnodu\u0161no govorijo o osebi ali dogodku, ki jim je povzro\u010dila bole\u010dino,je v glasu \u010dutiti grenkobo, iz njihovih o\u010di sije nemir in bole\u010dina in je ta mir dejansko samo privid ne\u010desa kar bi \u017eeleli \u010dutiti ne pa njihovo dejansko stanje.<br \/>\n\u010ce \u017ee samo misel na dolo\u010deno situacijo ali osebo v nas povzro\u010di nemir, v\u010dasih pa celo pravi orkan, ki nas nezadr\u017eno zajame in \u017ee smo ujeti v intenzivno podo\u017eivljanje \u010dustev, izre\u010denih besed, \u2026nismo odpustili.<br \/>\nMi lahko sami sebe in druge samozavestno prepri\u010dujemo da smo odpustili\u2026\u2026. ampak ali smo res? Ali pa smo samo ujeti v la\u017enem ob\u010dutku osebne veli\u010dine, s katerim se tola\u017eimo in posku\u0161amo pogasiti ogenj, ki ni nikoli zares ugasnil. Na glas sicer sami sebe prepri\u010dujemo, da smo vse odpustili, po tihem pa upamo, da bomo sli\u0161ali novico, ki nam bo dala zado\u0161\u010denje,upamo, da smo bolj\u0161e kot je oseba ki nas je prizadela, kli\u010demo po karmi in vesoljni izravnavi,\u2026..<\/p>\n<p>Kako za vedno pozdraviti rane, ki \u0161e po letih skelijo in povzro\u010dajo bole\u010dino? Samo z odpu\u0161\u010danjem! Kako zares in od srca odpustiti tistim, ki so nas najbolj prizadeli? Ali je to sploh mo\u017eno, se sploh da? In kako vemo, da smo resni\u010dno odpustili? Da vse na\u0161e govorjenje ni samo pretvarjanje in ukana na\u0161ega ega, ki pa se ob najmanj\u0161em spominu, sre\u010danju z osebo, znova in znova hrani z na\u0161o bole\u010dino, z emocijami kot so ranjenost,razo\u010daranje, ob\u010dutki izdaje, nemo\u010di, \u017eelja po ma\u0161\u010devanju, \u017eelja po tem da bi tudi druga stran izkusila bole\u010dino kot smo jo mi.<br \/>\nV\u010dasih se nam zdi nemogo\u010de odpustiti. V\u010dasih re\u010demo: vsem lahko odpustim samo njemu\/njej ne. Ta oseba me je preve\u010d prizadela, uni\u010dila mi je \u017eivljenje, vse bi lahko bilo druga\u010de, \u010de mi tega ne bi naredila\u2026Ne, ne\u2026.. ne zaslu\u017ei si mojega odpu\u0161\u010danja!<\/p>\n<p>Tudi \u010de je ta oseba res naredila \u0161e ne vem kako grozoto in si res skozi na\u0161 pogled na \u017eivljenje ne zaslu\u017ei da ji odpustimo,pa se vpra\u0161ajte slede\u010de: ali si tega ne zaslu\u017eite vi? Ali si ne zaslu\u017eite, da \u017eivite mirno, brez bolezni,brez ob\u010dutkov grenkega razo\u010daranja in misli kako je \u017eivljenje krivi\u010dno? Ali si ne zaslu\u017eite da po svetu hodite pokon\u010dno, polni zaupanja in optimizma? Ali si vi ne zaslu\u017eite da \u017eivite lahkotno, sre\u010dno in brez grenkih spominov, ki vam najedajo zdravje, povzro\u010dajo \u017eol\u010d in pove\u0161ena ramena! Ali ni kon\u010dno napo\u010dil \u010das, da se znebite verig preteklosti, da se osvobodite vse zamere, jeze, \u017ealosti, obupa, krivde,bole\u010dine, grenkobe, in za\u017eivite v sedanjem trenutku namesto da se vedno znova vra\u010date v preteklost- v nekaj kar je \u017ee minilo?<\/p>\n<p>Ali si ne bi enkrat za spremembo priznali in odlo\u010dno rekli: Dovolj imam! \u010ce je vse kar moram storiti, da bo \u017eivljenje bolj\u0161e in sre\u010dnej\u0161e to, da oprostim, bom to naredil\/a!<br \/>\nTudi ko odpu\u0161\u010date drugim, naredite to zase. Osvobojeni boste oboji.<br \/>\nEnostavno ne dovolite, da bi osebe iz va\u0161e preteklosti, dogodki iz va\u0161e preteklosti vplivali na va\u0161o sedanjost in vam krojili bodo\u010dnost. Se vam ne zdi da ste \u017ee dovolj pretrpeli in da je \u010das, da temu naredite konec?<br \/>\nOdpustiti pomeni soo\u010diti se, sprejeti in ozdraviti svoje lastne emocije, ki \u017eivijo znotraj nas, \u010dustva, ki jih je izzval nekdo drug s svojim ravnanjem, vendar pa smo jih kreirali sami z odzivom \u2013 reakcijo na dogodek ali situacijo ali dejanje in jih skozi \u017eivljenje nosimo mi, in ne nekdo drug. Dostikrat \u00bb tisti nekdo\u00ab, niti ne ve, kak\u0161en odziv in vpliv je naredil s svojim ravnanjem na nas.<br \/>\nTorej, ko globoko, iskreno in iz srca odpustimo, \u0161ele takrat smo sposobni tudi opustiti, oziroma spustiti ves \u010dustveni balast (v obliki vzorcev, reakcij, odzivov,\u2026..) ki smo si ga nalo\u017eili in ga nosili in \u0161ele takrat lahko zacelimo sr\u010dne rane in gremo svobodni naprej v \u017eivljenje. Svobodni vseh emocij, ki so le\u017eale kot kamen v na\u0161em trebuhu, svobodni vseh emocij, ki so nam bile kot zanka okrog vratu, svobodni vseh emocij ki smo jih imeli nalo\u017eene kot gromozansko skalo na ple\u010dih,svobodni vseh verig ki smo jih \u010dutili okrog nog,\u2026..<\/p>\n<p>Enkrat ko odpustimo, prenehamo soditi, prenehamo o\u010ditati, prenehamo kriviti druge.<br \/>\nEnkrat ko odpustimo lahko gremo samo naprej. Ko odpustimo ozdravimo svoje srce in razbremenimo na\u0161e telo in du\u0161o in prenehamo biti ujetniki vseh teh te\u017ekih emocij.<br \/>\nOdpu\u0161\u010damo vedno zaradi SEBE in ne zaradi DRUGIH!<br \/>\nDraga Du\u0161a, \u010de v tem trenutku prebira\u0161 tole pisanje, si pripravljena sodelovati v procesu zdravljenja srca skozi milosten in so\u010duten akt odpu\u0161\u010danja.<br \/>\nDelavnica poteka v majhni zaprti skupini, v ljube\u010dem energijsko \u010distem in varnem prostoru, kjer je privatnost zajam\u010dena.<\/p>\n<p>Delavnico vodim Klaudija Dolen\u010di\u0107 sem medij, angelski svetovalec, voditeljica skupinskih meditacij,izvajalec \u0161amanskih tehnik zdravljenja, bralka aka\u0161kih zapisov, usposobljena voditeljica joge smeha, energijski zdravilec, terapevt Zdravljenje notranjega otroka.<br \/>\nLokacija: Medgeneracijska hi\u0161a Sofija, Glavna ulica 48 Lendava.<br \/>\nDatum: 9.9.2018.<br \/>\nUra: 13.00 -19.00<\/p>\n<p>Kontakt za info in prijave: Klaudija Dolen\u010di\u0107 041\/545-792 ali klaudijado@gmail.com<br \/>\n<a href=\"http:\/\/www.drustvo-rast.com\/sepet-duse\/\" target=\"_blank\" rel=\"nofollow noopener\" data-lynx-mode=\"hover\" data-lynx-uri=\"https:\/\/l.facebook.com\/l.php?u=http%3A%2F%2Fwww.drustvo-rast.com%2Fsepet-duse%2F&amp;h=AT2uB-d_imJcNFHlRBhXJ4O7kNnlt4BFExXVPb2sySgh5B7EB6UxDSHCbqDB4lq2gOR7ChDiRnMCbITbdFwEz_Qmf2jPY0zCGIL7zZtycDgVwacqRQeOXFER\">http:\/\/www.drustvo-rast.com\/sepet-duse\/<\/a><\/p>\n<p>Cena delavnice je 130 eur.<br \/>\nPrijava: Obvezna prijava na mail. Ob prijavi je potrebno vpla\u010dati akontacijo v vi\u0161ini 50,00 eur. S pla\u010dilom akontacije si zagotovite udele\u017ebo na delavnici.<br \/>\nDRU\u0160TVO RAST<br \/>\n\u010cENTIBA, FODORJEVA VRSTA 152<br \/>\n9220 LENDAVA<\/p>\n<p>TRR: SI56 1949 0501 1218 224; odprt pri DBS d.d., PE Lendava.<\/p>\n<\/div>\n","protected":false},"excerpt":{"rendered":"<p>ZDRAVLJENJE SRCA Z BOGINJO QUAN YIN \u2013 IZREDEN SAMOZDRAVILEN PROCES Delavnico Zdravljenje srca z boginjo Quan Yin sem oblikovala z namenom, da skozi voden proces pomagam vsem, ki so \u0161e vedno na nek na\u010din ujeti v bole\u010de izku\u0161nje in dogodke svoje preteklosti \u2013 da odpustijo resni\u010dno in dokon\u010dno. Naj se \u0161e tako trudimo, \u010de upamo, <a class=\"read-more\" href=\"http:\/\/www.drustvo-rast.com\/sepet-duse\/gostojoci-dogodki\/\">Read More<\/a><\/p>\n","protected":false},"author":1,"featured_media":0,"parent":0,"menu_order":0,"comment_status":"closed","ping_status":"closed","template":"","meta":[],"_links":{"self":[{"href":"http:\/\/www.drustvo-rast.com\/sepet-duse\/wp-json\/wp\/v2\/pages\/67"}],"collection":[{"href":"http:\/\/www.drustvo-rast.com\/sepet-duse\/wp-json\/wp\/v2\/pages"}],"about":[{"href":"http:\/\/www.drustvo-rast.com\/sepet-duse\/wp-json\/wp\/v2\/types\/page"}],"author":[{"embeddable":true,"href":"http:\/\/www.drustvo-rast.com\/sepet-duse\/wp-json\/wp\/v2\/users\/1"}],"replies":[{"embeddable":true,"href":"http:\/\/www.drustvo-rast.com\/sepet-duse\/wp-json\/wp\/v2\/comments?post=67"}],"version-history":[{"count":10,"href":"http:\/\/www.drustvo-rast.com\/sepet-duse\/wp-json\/wp\/v2\/pages\/67\/revisions"}],"predecessor-version":[{"id":111,"href":"http:\/\/www.drustvo-rast.com\/sepet-duse\/wp-json\/wp\/v2\/pages\/67\/revisions\/111"}],"wp:attachment":[{"href":"http:\/\/www.drustvo-rast.com\/sepet-duse\/wp-json\/wp\/v2\/media?parent=67"}],"curies":[{"name":"wp","href":"https:\/\/api.w.org\/{rel}","templated":true}]}}