{"id":215,"date":"2024-01-10T14:46:20","date_gmt":"2024-01-10T13:46:20","guid":{"rendered":"https:\/\/www.drustvo-rast.com\/sepet-duse\/?page_id=215"},"modified":"2024-01-10T15:20:30","modified_gmt":"2024-01-10T14:20:30","slug":"vlivanje-svinca","status":"publish","type":"page","link":"http:\/\/www.drustvo-rast.com\/sepet-duse\/vlivanje-svinca\/","title":{"rendered":"VLIVANJE SVINCA"},"content":{"rendered":"\n<p>Vlivanje svinca  je star obi\u010daj &#8211; ritual; poznan \u017ee najmanj 3000 let, s pomo\u010djo katerega se zelo uspe\u0161no osvobajamo strahov, ne\u010diste energije, urokov, blokad,&#8230; Vlivanje svinca je energijska terapija, kjer s pomo\u010djo elementa svinec uspe\u0161no o\u010distimo energijsko polje \u010dloveka, starih\/zastalih energij. Terapija s svincem se izvaja individualno in prodre globoko v zgodovino \u010dloveka- seveda vedno uporabim celosten pristop ter vse svoje znanje in izku\u0161nje, ki jih imam pri delu z ljudmi.<\/p>\n\n\n<div class=\"wp-block-image\">\n<figure class=\"aligncenter size-full is-resized\"><img decoding=\"async\" loading=\"lazy\" src=\"https:\/\/www.drustvo-rast.com\/sepet-duse\/wp-content\/uploads\/2024\/01\/svinec-1.jpg\" alt=\"\" class=\"wp-image-221\" width=\"307\" height=\"411\" srcset=\"http:\/\/www.drustvo-rast.com\/sepet-duse\/wp-content\/uploads\/2024\/01\/svinec-1.jpg 526w, http:\/\/www.drustvo-rast.com\/sepet-duse\/wp-content\/uploads\/2024\/01\/svinec-1-224x300.jpg 224w\" sizes=\"(max-width: 307px) 100vw, 307px\" \/><\/figure><\/div>","protected":false},"excerpt":{"rendered":"<p>Vlivanje svinca je star obi\u010daj &#8211; ritual; poznan \u017ee najmanj 3000 let, s pomo\u010djo katerega se zelo uspe\u0161no osvobajamo strahov, ne\u010diste energije, urokov, blokad,&#8230; Vlivanje svinca je energijska terapija, kjer s pomo\u010djo elementa svinec uspe\u0161no o\u010distimo energijsko polje \u010dloveka, starih\/zastalih energij. Terapija s svincem se izvaja individualno in prodre globoko v zgodovino \u010dloveka- seveda vedno <a class=\"read-more\" href=\"http:\/\/www.drustvo-rast.com\/sepet-duse\/vlivanje-svinca\/\">Read More<\/a><\/p>\n","protected":false},"author":1,"featured_media":0,"parent":0,"menu_order":0,"comment_status":"closed","ping_status":"closed","template":"","meta":[],"_links":{"self":[{"href":"http:\/\/www.drustvo-rast.com\/sepet-duse\/wp-json\/wp\/v2\/pages\/215"}],"collection":[{"href":"http:\/\/www.drustvo-rast.com\/sepet-duse\/wp-json\/wp\/v2\/pages"}],"about":[{"href":"http:\/\/www.drustvo-rast.com\/sepet-duse\/wp-json\/wp\/v2\/types\/page"}],"author":[{"embeddable":true,"href":"http:\/\/www.drustvo-rast.com\/sepet-duse\/wp-json\/wp\/v2\/users\/1"}],"replies":[{"embeddable":true,"href":"http:\/\/www.drustvo-rast.com\/sepet-duse\/wp-json\/wp\/v2\/comments?post=215"}],"version-history":[{"count":4,"href":"http:\/\/www.drustvo-rast.com\/sepet-duse\/wp-json\/wp\/v2\/pages\/215\/revisions"}],"predecessor-version":[{"id":218,"href":"http:\/\/www.drustvo-rast.com\/sepet-duse\/wp-json\/wp\/v2\/pages\/215\/revisions\/218"}],"wp:attachment":[{"href":"http:\/\/www.drustvo-rast.com\/sepet-duse\/wp-json\/wp\/v2\/media?parent=215"}],"curies":[{"name":"wp","href":"https:\/\/api.w.org\/{rel}","templated":true}]}}