{"id":20,"date":"2017-08-13T09:09:29","date_gmt":"2017-08-13T08:09:29","guid":{"rendered":"http:\/\/www.drustvo-rast.com\/sepet-duse\/?page_id=20"},"modified":"2017-09-15T18:43:55","modified_gmt":"2017-09-15T16:43:55","slug":"meditacija","status":"publish","type":"page","link":"http:\/\/www.drustvo-rast.com\/sepet-duse\/meditacija\/","title":{"rendered":"MEDITACIJA"},"content":{"rendered":"<p>&nbsp;<\/p>\n<p><img decoding=\"async\" loading=\"lazy\" class=\"size-medium wp-image-40 aligncenter\" src=\"http:\/\/www.drustvo-rast.com\/sepet-duse\/wp-content\/uploads\/2017\/08\/chakra-1063278_640-300x227.jpg\" alt=\"\" width=\"300\" height=\"227\" srcset=\"http:\/\/www.drustvo-rast.com\/sepet-duse\/wp-content\/uploads\/2017\/08\/chakra-1063278_640-300x227.jpg 300w, http:\/\/www.drustvo-rast.com\/sepet-duse\/wp-content\/uploads\/2017\/08\/chakra-1063278_640.jpg 640w\" sizes=\"(max-width: 300px) 100vw, 300px\" \/><\/p>\n<p><span style=\"font-weight: 400;\">Meditacijo bi najbolj preprosto opisala kot metodo spro\u0161\u010danja s pomo\u010djo katere umirimo um in telo, uti\u0161amo zunanje dra\u017eljaje in napetosti in se popolnoma spro\u0161\u010deni in umirjeni obrnemo navznoter ter prisluhnemo ti\u0161ini znotraj nas. V tej ti\u0161ini s\u010dasoma lahko dobimo odgovor na marsikatero vpra\u0161anje, re\u0161itev za nastali problem, idejo in ustvarjalni navdih- saj se v meditaciji \u00a0pove\u017eemo s svojim bistvom, svojo du\u0161o na globok in ljube\u010d na\u010din. Redna meditacija nam lahko pomaga pri premagovanju stresa, spro\u0161\u010danju fizi\u010dnih in psihi\u010dnih napetosti, je naravna oblika po\u010ditka tako za telo kot um. Poznamo razli\u010dne na\u010dine meditiranja in vsak posameznik skozi raziskovanje \u00a0razli\u010dnih praks ugotovi katera metoda je zanj najbolj primerna in u\u010dinkovita.<\/span><\/p>\n<p><span style=\"font-weight: 400;\">\u010ce se s te\u017eavo umirite in fokusirate, je skupinsko vodena meditacija najbr\u017e prava izbira za vas, saj vas voden glas cel \u010das dr\u017ei v fokusu, prav tako pa je energijska podpora skupine \u00a0zelo mo\u010dna in so tudi rezultati \u00a0skupinsko vodenih meditacij izredni.<\/span><\/p>\n<p><span style=\"font-weight: 400;\">Vodena meditacija je tudi neke vrste potovanje v razli\u010dne kraje z razli\u010dnimi namerami,kot so zdravljenje, obilje, hvale\u017enost, manifestacija \u017eelja, pripro\u0161nje, povezovanje z angeli in v\u010dasih vklju\u010duje tudi \u0161amanski boben, tibetanske sklede ali kak drug in\u0161trument. <\/span><\/p>\n<p><span style=\"font-weight: 400;\">Vsaka vodena meditacija je edinstvena in zdravilna, saj je ustvarjena- skanalizirana s strani mojih duhovnih vodnikov, za kar sem \u0161e posebej hvale\u017ena.<\/span><\/p>\n<p><span style=\"font-weight: 400;\">Pred vsako meditacijo se potrudim in ustvarim varen in ljube\u010d prostor,v katerem se udele\u017eenci dobro po\u010dutijo, se lahko popolnoma sprostijo in potopijo v svojo notranjost, ob koncu meditacije pa poskrbim za prizemljitev vseh udele\u017eencev.<\/span><\/p>\n<p>&nbsp;<\/p>\n","protected":false},"excerpt":{"rendered":"<p>&nbsp; Meditacijo bi najbolj preprosto opisala kot metodo spro\u0161\u010danja s pomo\u010djo katere umirimo um in telo, uti\u0161amo zunanje dra\u017eljaje in napetosti in se popolnoma spro\u0161\u010deni in umirjeni obrnemo navznoter ter prisluhnemo ti\u0161ini znotraj nas. V tej ti\u0161ini s\u010dasoma lahko dobimo odgovor na marsikatero vpra\u0161anje, re\u0161itev za nastali problem, idejo in ustvarjalni navdih- saj se v <a class=\"read-more\" href=\"http:\/\/www.drustvo-rast.com\/sepet-duse\/meditacija\/\">Read More<\/a><\/p>\n","protected":false},"author":1,"featured_media":0,"parent":0,"menu_order":0,"comment_status":"closed","ping_status":"closed","template":"","meta":[],"_links":{"self":[{"href":"http:\/\/www.drustvo-rast.com\/sepet-duse\/wp-json\/wp\/v2\/pages\/20"}],"collection":[{"href":"http:\/\/www.drustvo-rast.com\/sepet-duse\/wp-json\/wp\/v2\/pages"}],"about":[{"href":"http:\/\/www.drustvo-rast.com\/sepet-duse\/wp-json\/wp\/v2\/types\/page"}],"author":[{"embeddable":true,"href":"http:\/\/www.drustvo-rast.com\/sepet-duse\/wp-json\/wp\/v2\/users\/1"}],"replies":[{"embeddable":true,"href":"http:\/\/www.drustvo-rast.com\/sepet-duse\/wp-json\/wp\/v2\/comments?post=20"}],"version-history":[{"count":2,"href":"http:\/\/www.drustvo-rast.com\/sepet-duse\/wp-json\/wp\/v2\/pages\/20\/revisions"}],"predecessor-version":[{"id":41,"href":"http:\/\/www.drustvo-rast.com\/sepet-duse\/wp-json\/wp\/v2\/pages\/20\/revisions\/41"}],"wp:attachment":[{"href":"http:\/\/www.drustvo-rast.com\/sepet-duse\/wp-json\/wp\/v2\/media?parent=20"}],"curies":[{"name":"wp","href":"https:\/\/api.w.org\/{rel}","templated":true}]}}