{"id":16,"date":"2017-08-13T09:04:44","date_gmt":"2017-08-13T08:04:44","guid":{"rendered":"http:\/\/www.drustvo-rast.com\/sepet-duse\/?page_id=16"},"modified":"2024-01-10T13:17:50","modified_gmt":"2024-01-10T12:17:50","slug":"notranji-otrok","status":"publish","type":"page","link":"http:\/\/www.drustvo-rast.com\/sepet-duse\/notranji-otrok\/","title":{"rendered":"NOTRANJI OTROK"},"content":{"rendered":"<p style=\"text-align: center;\"><b><img decoding=\"async\" loading=\"lazy\" class=\"alignnone size-medium wp-image-42\" src=\"http:\/\/www.drustvo-rast.com\/sepet-duse\/wp-content\/uploads\/2017\/08\/otrok-za-objavo-200x300.jpg\" alt=\"\" width=\"200\" height=\"300\" srcset=\"http:\/\/www.drustvo-rast.com\/sepet-duse\/wp-content\/uploads\/2017\/08\/otrok-za-objavo-200x300.jpg 200w, http:\/\/www.drustvo-rast.com\/sepet-duse\/wp-content\/uploads\/2017\/08\/otrok-za-objavo.jpg 333w\" sizes=\"(max-width: 200px) 100vw, 200px\" \/><br \/>\n<\/b><b>Intenziv &#8211; Celjenje notranjega otroka<\/b><\/p>\n<p><span style=\"font-weight: 400;\">Zdravljenje ranjenega notranjega otroka,\u00a0je po moji izku\u0161nji \u00a0naju\u010dinkovitej\u0161i voden proces za ozdravitev na\u0161e du\u0161e, na\u0161ega bitja in na\u0161ih ran iz otro\u0161tva. Skozi izredno mo\u010dan voden proces pozdravimo vso na\u0161o bole\u010dino, ki smo jo do\u017eiveli skozi otro\u0161tvo in odra\u0161\u010danje, in jo zakopali nekam globoko, globoko v svojo notranjost, upajo\u010d, da nas ve\u010d nikoli ne bo bolelo, \u010de bomo le dovolj globoko potisnili te dogodke iz na\u0161ega spomina in jih pozabili.<\/span><\/p>\n<p>&nbsp;<\/p>\n<p><b>OZDRAVLJEN NOTRANJI OTROK JE TEMELJ CELOTNEGA OSEBNEGA IN DUHOVNEGA RAZVOJA. \u010cE VA\u0160I TEMELJI NISO \u010cVRSTI IN \u010cE VA\u0160E KORENINE NISO MO\u010cNE IN ZDRAVE, VSE KAR PO\u010cNETE IN DELATE NA SEBI NI STABILNO IN POVZRO\u010cA NIHANJA.\u00a0KOT, DA TONETE SKOZI MO\u010cVIRNATA TLA. KOT DA NAREDITE KORAK NAPREJ IN DVA NAZAJ.<\/b><\/p>\n<p><b>MEDITACIJA NA TO TEMO NI DOVOLJ, POTREBNO JE DIREKTNO SOO\u010cENJE Z RANJENIM OTROKOM, DA DOSE\u017dETE TRAJEN REZULTAT.<\/b><\/p>\n<p><span style=\"font-weight: 400;\">Ste v svojem otro\u0161tvu:<\/span><\/p>\n<ul>\n<li style=\"font-weight: 400;\"><span style=\"font-weight: 400;\">\u010dutili osamljenost<\/span><\/li>\n<li style=\"font-weight: 400;\"><span style=\"font-weight: 400;\">pomanjkanje star\u0161evske ljubezni in pozornosti<\/span><\/li>\n<li style=\"font-weight: 400;\"><span style=\"font-weight: 400;\">do\u017eivljali fizi\u010dno ali psihi\u010dno nasilje<\/span><\/li>\n<li style=\"font-weight: 400;\"><span style=\"font-weight: 400;\">bili kakorkoli zlorabljeni<\/span><\/li>\n<li style=\"font-weight: 400;\"><span style=\"font-weight: 400;\">so vas zani\u010devali<\/span><\/li>\n<li style=\"font-weight: 400;\"><span style=\"font-weight: 400;\">vam sidrali kompleks manjvrednosti<\/span><\/li>\n<li style=\"font-weight: 400;\"><span style=\"font-weight: 400;\">ste z velikimi napori dosegali cilje star\u0161ev<\/span><\/li>\n<li style=\"font-weight: 400;\"><span style=\"font-weight: 400;\">\u017eiveli v strahu<\/span><\/li>\n<li style=\"font-weight: 400;\"><span style=\"font-weight: 400;\">bili pri\u010da nasilju&#8230;..<\/span><\/li>\n<li style=\"font-weight: 400;\"><span style=\"font-weight: 400;\">imeli ob\u010dutek da niste dovolj dobri<\/span><\/li>\n<\/ul>\n<p><b>\u00a0<\/b><\/p>\n<p><span style=\"font-weight: 400;\">Ali v svoji odrasli dobi:<\/span><\/p>\n<ul>\n<li><span style=\"font-weight: 400;\">S te\u017eavo uresni\u010dujete svoje zamisli<\/span><\/li>\n<li><span style=\"font-weight: 400;\">Odnosi s star\u0161i niso ljube\u010di<\/span><\/li>\n<li><span style=\"font-weight: 400;\">Nimate \u017eivljenske radosti<\/span><\/li>\n<li><span style=\"font-weight: 400;\">Imate nihanja v razpolo\u017eenju<\/span><\/li>\n<li><span style=\"font-weight: 400;\">Se \u010dutite izgubljene<\/span><\/li>\n<li><span style=\"font-weight: 400;\">Imate zdravstvene te\u017eave<\/span><\/li>\n<li><span style=\"font-weight: 400;\">Ob\u010dutek da se vam godi krivica<\/span><\/li>\n<li><span style=\"font-weight: 400;\">Imate ob\u010dutek da ste vedno sami<\/span><\/li>\n<li><span style=\"font-weight: 400;\">Ne najdete svojega mesta pod soncem<\/span><\/li>\n<li><span style=\"font-weight: 400;\">Nimate urejenega partnerskega odnosa<\/span><\/li>\n<li><span style=\"font-weight: 400;\">Imate te\u017eave pri vzgoji lastnih otrok<\/span><\/li>\n<li><span style=\"font-weight: 400;\">Nenehne ob\u010dutke krivde <\/span><\/li>\n<li><span style=\"font-weight: 400;\">Odnosi v slu\u017ebi in nasploh niso dobri in izpolnjujo\u010di<\/span><\/li>\n<li><span style=\"font-weight: 400;\">Imate strahove<\/span><\/li>\n<li><span style=\"font-weight: 400;\">\u017divite v nenehnem ob\u010dutku pomanjkanja kakr\u0161nekoli vrste<\/span><\/li>\n<li><span style=\"font-weight: 400;\">Imate slabo samopodobo<\/span><\/li>\n<li><span style=\"font-weight: 400;\">Da vlagate ogromno energije in truda,v to kar po\u010dnete rezultat pa ni zadovoljiv<\/span><\/li>\n<\/ul>\n<p><b><br \/>\n<\/b><b>Potem je \u010das, da se te bole\u010dine znebite.<\/b><\/p>\n<p><span style=\"font-weight: 400;\">Zdravljenje notranjega otroka je resni\u010dno mo\u010dan proces, ki vas osvobodi vsega. Pri\u010dnete delovati kot popolnoma samostojne du\u0161e, brez vezi in omejitev. Za\u010dutite globoko svobodo, notranjo mo\u010d, brez omejitev.<\/span><\/p>\n<p><b>\u2665<\/b><b> To\u010dka na kateri se vse pri\u010dne in kon\u010da <\/b><b>\u2665<\/b><span style=\"font-weight: 400;\"> Vse imamo zapisano v na\u0161i podzavesti, kar se odra\u017ea v \u017eivljenjskih situacijah . Nepravilna vzgoja star\u0161ev, pomanjkanje ljubezni, pusti rane na notranjem otroku, ki se skozi odra\u0161\u010danje za\u010dnejo odra\u017eat v va\u0161i osebnosti. Travme, strah, nerazjasnjena \u017ealost, slabi partnerski odnosi, pomanjkanje samozavesti, nezaupanje vase, zadr\u017eanost, ljubosumje, partnerska odvisnost &#8230;..itd. Vse to so vzorci v podzavesti, nalepljene etikete, na na\u0161i osebnosti, ki nas dr\u017eijo nazaj. Najve\u010dje travme in napa\u010dne vzorce, dobijo otroci med drugim in tretjim letom starosti. Zato je s postopkom zdravljenja notranjega otroka izredno pomembno, da se soo\u010dimo tudi z vsemi tistimi dogodki, ki se jih sedaj kot odrasla oseba ne spominjamo. Presene\u010deni boste nad tem, kaj vse ste do\u017eiveli takrat in kaj vse nosite od takrat v bazi \u010dustev. Ko odkrijemo vzrok, ozavestimo, transformiramo, na\u0161e \u017eivljenje pri\u010dne dobivati smisel in spelje po pravem tiru. Re\u0161ite se te\u017ekega bremena in svobodno zaplujete z \u017eivljenjskim tokom.<\/span><\/p>\n<p><b>Zakaj bi zdravili NOTRANJEGA OTROKA?\u00a0<\/b><span style=\"font-weight: 400;\">\u00a0\u00a0<\/span><\/p>\n<p><span style=\"font-weight: 400;\">Notranji otrok je va\u0161a Du\u0161a. Kako ste lahko sre\u010dni, mirni, brez bole\u010dine, \u010de majhne de\u010dek\/ deklica sedi objokan\/a v bole\u010dinah? Vse travme iz otro\u0161tva nosite s seboj vsa ta dolga leta va\u0161ega \u017eivljenja. Nenehno i\u0161\u010dete nekaj v zunanjem svetu kar bi vas izpopolnilo, vneslo mir in sre\u010do. Stiska vas v prsih, bole\u010dina vam jemlje dih, temne misli vam polnijo vsakdanjik, nujno potrebujete ljubezen nekoga poleg vas, ljubosumje vas razjeda, ne moret\u00a0e spati, nenehno ste utrujeni, brezvoljni, nosite bremena jeze, itd&#8230;.. Va\u0161a du\u0161a kli\u010de na pomo\u010d. <\/span><b>JO SLI\u0160ITE?<\/b><span style=\"font-weight: 400;\"> Sli\u0161ite to malo bitje znotraj sebe, ki vas obupno potrebuje? Ni re\u0161itve v zunanjem svetu, spustite se v svojega in ozdravite otroka vse bole\u010dine. SAMO tako boste imeli trdne temelje in \u017eiveli v miru, sre\u010di in radosti.<\/span><\/p>\n<p><b>Se spominjate svojega otro\u0161tva s prijetnimi ob\u010dutki ali s tistimi malo manj?<\/b><\/p>\n<p><span style=\"font-weight: 400;\">Ve\u010dina ljudi,nosi v srcu bole\u010dino. To je zaradi pomanjkanja ljubezni, stroge vzgoje ali nerazumevanja star\u0161ev, zaradi pomanjkanja \u010dasa, prepu\u0161\u010denosti samim sebi, neizkazovanja ljubezni, fizi\u010dnega nasilja&#8230; in \u0161e bi lahko na\u0161tevali. Globoke rane, ki jih nosite v sebi, v svoji du\u0161i. Z vsemi temi ob\u010dutki odrastete, se borite, predvsem pa trudite, da ne bi ponavljali istih vzorcev na svojih otrocih. In kaj se zgodi?\u00a0<\/span><b>Ujamete se v istem po\u010detju, podobni vzgoji, izrekate iste besede, ki so jih star\u0161i vam.<\/b><\/p>\n<p><i><span style=\"font-weight: 400;\">&#8220;<\/span><\/i><b><i>Spet govorim isto kot moja mama. Le zakaj? \u010ce pa no\u010dem biti ista!&#8221;<\/i><\/b><i><span style=\"font-weight: 400;\">\u00a0<\/span><\/i><span style=\"font-weight: 400;\">Odgovor je preprost. Tako ste vzgojeni, nau\u010deni. Tako vam je bilo celo \u017eivljenje pokazano, da mora biti. Drugega na\u010dina va\u0161a podzavest ne pozna.\u00a0 Ljubezen je osnovno gorivo za pogon va\u0161ega \u017eivljenja in vsako pomanjkanje le-te, vam v odnosih z otroci, partnerjem, okolico, s star\u0161i, v slu\u017ebi ali kjerkoli drugje, povzro\u010da bole\u010dino. Nih\u010de ni kriv za to, kar se vam dogaja in ne obstaja zdravilo, \u010darobna pal\u010dka, ki bi to pozdravila, kot samo<\/span><b>\u00a0PONOVNO POVEZOVANJE Z NOTRANJIM OTROKOM IN NJEGOVO ZDRAVLJENJE<\/b><span style=\"font-weight: 400;\">. Rojen otrok, ki sedi v kotu va\u0161e du\u0161e, v objemu \u017ealosti in bole\u010dine prosi, da mu obri\u0161ete solzice, prosi za pomo\u010d.<\/span><\/p>\n<p><b>GA SLI\u0160ITE?<\/b><span style=\"font-weight: 400;\">\u00a0Zdravljenje notranjega otroka pomeni odpiranje vseh globoko zakopanih predal\u010dkov iz otro\u0161tva, skritih v podzavesti. Na\u0161 um je kakor ra\u010dunalnik, ki shranjuje vse dogodke, besede, situacije, vse na\u0161e \u017eivljenje, od rojstva naprej. Vse imamo zapisano v na\u0161i podzavesti in to se odra\u017ea v \u017eivljenjskih situacijah. Nepravilna vzgoja star\u0161ev, pomanjkanje ljubezni, vse to pusti rane na notranjem otroku, ki se skozi odra\u0161\u010danje za\u010dno odra\u017eat v va\u0161ih osebnostnih lastnostih. Travme, strah, nepojasnjena \u017ealost, slabi partnerski odnosi, pomanjkanje samozavesti, nezaupanje vase, zadr\u017eanost, ljubosumje, partnerska odvisnost&#8230; Vse to so vzorci v podzavesti, nalepljene etikete, na na\u0161i osebnosti, ki nas zaustavljajo. Najve\u010dje travme in napa\u010dne vzorce dobijo otroci med drugim in tretjim letom starosti. Zato je s postopkom zdravljenja notranjega otroka izredno pomembno, da se soo\u010dimo tudi z vsemi tistimi dogodki, ki se jih sedaj kot odrasla oseba ne spominjamo. Presene\u010deni boste nad tem, kaj vse ste do\u017eiveli kot otroci in kaj vse nosite s seboj v svoji \u010dustveni bazi. Ko odkrijemo vzrok, ozavestimo, transformiramo, na\u0161e \u017eivljenje pri\u010dne dobivati smisel in zapelje se po pravem tiru. Re\u0161ite se te\u017ekega bremena in svobodno zaplujte z \u017eivljenjskim tokom.<\/span><\/p>\n<p><b>Predvsem je izredno pomembno, da ste med celotnim procesom iskreni do sebe in popolnoma odprti.<\/b><span style=\"font-weight: 400;\">\u00a0Tu odpadejo maske, ki si jih nadenete preden stopite v zunanji svet. Pustite jih doma. Dovoliti morate, predvsem pa to dolgujete svojemu notranjemu otroku, da vsa negativna \u010dustva spustite iz kletke podzavesti. V nasprotnem primeru je brez pomena, da se sploh udele\u017eite delavnice. Za\u010dutiti morate notranji klic, da ste pripravljeni iti skozi proces sam. Ne prihajate zato, ker vam nekdo re\u010de, da je to primerno za vas!\u00a0<\/span><b>Odlo\u010ditev morate sprejeti sami, ker ste tako za\u010dutili!<\/b><\/p>\n<p><span style=\"font-weight: 400;\">Ko potujete skozi otro\u0161tvo, ste v vodenem meditativnem stanju, ki traja od 2 do 3 ure. To pomeni, da ste popolnoma umirjeni v le\u017ee\u010dem polo\u017eaju in sledite vsem mojim navodilom. Prere\u017eete vse eteri\u010dne vezi s svojimi star\u0161i, otroci ali drugimi sorodniki, ki vas omejujejo. Proces je zelo \u010dustveno intenziven. Svoboda in razbremenjenost vas bosta spremljala na va\u0161i poti domov. Pomembno je, da na delavnico pridete udobno oble\u010deni, brez pasov, ur ali karkoli drugega, kar bi vas utegnilo med procesom ovirati. Prijavite se prosim samo v primeru, \u010de ste na proces zdravljenja notranjega otroka pripravljeni, saj je uspeh odvisen od va\u0161ega sodelovanja.<\/span><\/p>\n<p><span style=\"font-weight: 400;\">Noben ni kriv za to kar se vam dogaja in ne obstaja zdravilo, \u010darobna pal\u010dka, ki bi to pozdravila, kot samo\u00a0<\/span><b>PONOVNO POVEZOVANJE Z NOTRANJIM OTROKOM IN NJEGOVO ZDRAVLJANJE.<\/b><\/p>\n<p><span style=\"font-weight: 400;\">Klaudija Dolen\u010di\u0107 sem certificiran terapevt Zdravljenje notranjega otroka po metodi Darje Sekuli\u010d, usposobljena za samostojno vodenje delavnice, osebno pri avtorici delavnice. \u00a0<\/span><\/p>\n<p><b>Prijave na: <a href=\"mailto:klaudijado@gmail.com\">klaudijado@gmail.com<\/a><\/b><\/p>\n<p><span style=\"font-weight: 400;\">Kontakt za info: <\/span><b>Klaudija Dolen\u010di\u0107 041\/545-792\u00a0<\/b><\/p>\n<p><b>Prispevek: 170\u20ac<\/b><\/p>\n<p><b><i>Prijava je veljavna samo \u00a0z vpla\u010dilom akontacije 50\u20ac na:<\/i><\/b><\/p>\n<p><b>DRU\u0160TVO RAST<\/b><\/p>\n<p><b>\u010cENTIBA, FODORJEVA VRSTA 152<\/b><\/p>\n<p><b>9220 LENDAVA<\/b><b><br \/>\n<\/b><b><br \/>\n<\/b><b>TRR: SI56 1949 \u00a00501 \u00a01218 \u00a0224<\/b><\/p>\n","protected":false},"excerpt":{"rendered":"<p>Intenziv &#8211; Celjenje notranjega otroka Zdravljenje ranjenega notranjega otroka,\u00a0je po moji izku\u0161nji \u00a0naju\u010dinkovitej\u0161i voden proces za ozdravitev na\u0161e du\u0161e, na\u0161ega bitja in na\u0161ih ran iz otro\u0161tva. Skozi izredno mo\u010dan voden proces pozdravimo vso na\u0161o bole\u010dino, ki smo jo do\u017eiveli skozi otro\u0161tvo in odra\u0161\u010danje, in jo zakopali nekam globoko, globoko v svojo notranjost, upajo\u010d, da nas <a class=\"read-more\" href=\"http:\/\/www.drustvo-rast.com\/sepet-duse\/notranji-otrok\/\">Read More<\/a><\/p>\n","protected":false},"author":1,"featured_media":0,"parent":0,"menu_order":0,"comment_status":"closed","ping_status":"closed","template":"","meta":[],"_links":{"self":[{"href":"http:\/\/www.drustvo-rast.com\/sepet-duse\/wp-json\/wp\/v2\/pages\/16"}],"collection":[{"href":"http:\/\/www.drustvo-rast.com\/sepet-duse\/wp-json\/wp\/v2\/pages"}],"about":[{"href":"http:\/\/www.drustvo-rast.com\/sepet-duse\/wp-json\/wp\/v2\/types\/page"}],"author":[{"embeddable":true,"href":"http:\/\/www.drustvo-rast.com\/sepet-duse\/wp-json\/wp\/v2\/users\/1"}],"replies":[{"embeddable":true,"href":"http:\/\/www.drustvo-rast.com\/sepet-duse\/wp-json\/wp\/v2\/comments?post=16"}],"version-history":[{"count":12,"href":"http:\/\/www.drustvo-rast.com\/sepet-duse\/wp-json\/wp\/v2\/pages\/16\/revisions"}],"predecessor-version":[{"id":207,"href":"http:\/\/www.drustvo-rast.com\/sepet-duse\/wp-json\/wp\/v2\/pages\/16\/revisions\/207"}],"wp:attachment":[{"href":"http:\/\/www.drustvo-rast.com\/sepet-duse\/wp-json\/wp\/v2\/media?parent=16"}],"curies":[{"name":"wp","href":"https:\/\/api.w.org\/{rel}","templated":true}]}}